{"id":577,"date":"2024-01-22T21:06:44","date_gmt":"2024-01-22T21:06:44","guid":{"rendered":"https:\/\/plenafinancialservices.com\/site\/?page_id=577"},"modified":"2024-02-07T20:08:40","modified_gmt":"2024-02-07T20:08:40","slug":"blog","status":"publish","type":"page","link":"https:\/\/plenafinancialservices.com\/index.php\/blog\/","title":{"rendered":"Blog"},"content":{"rendered":"\t\t<div data-elementor-type=\"wp-page\" data-elementor-id=\"577\" class=\"elementor elementor-577\" data-elementor-post-type=\"page\">\n\t\t\t\t<div class=\"elementor-element elementor-element-1e8942e e-flex e-con-boxed e-con e-parent\" data-id=\"1e8942e\" data-element_type=\"container\" data-settings=\"{&quot;content_width&quot;:&quot;boxed&quot;}\" data-core-v316-plus=\"true\">\n\t\t\t\t\t<div class=\"e-con-inner\">\n\t\t\t\t<div class=\"elementor-element elementor-element-f81acfa elementor-grid-3 elementor-grid-tablet-2 elementor-grid-mobile-1 elementor-posts--thumbnail-top elementor-card-shadow-yes elementor-posts__hover-gradient elementor-widget elementor-widget-posts\" data-id=\"f81acfa\" data-element_type=\"widget\" data-settings=\"{&quot;cards_columns&quot;:&quot;3&quot;,&quot;cards_columns_tablet&quot;:&quot;2&quot;,&quot;cards_columns_mobile&quot;:&quot;1&quot;,&quot;cards_row_gap&quot;:{&quot;unit&quot;:&quot;px&quot;,&quot;size&quot;:35,&quot;sizes&quot;:[]},&quot;cards_row_gap_tablet&quot;:{&quot;unit&quot;:&quot;px&quot;,&quot;size&quot;:&quot;&quot;,&quot;sizes&quot;:[]},&quot;cards_row_gap_mobile&quot;:{&quot;unit&quot;:&quot;px&quot;,&quot;size&quot;:&quot;&quot;,&quot;sizes&quot;:[]}}\" data-widget_type=\"posts.cards\">\n\t\t\t\t<div class=\"elementor-widget-container\">\n\t\t\t<link rel=\"stylesheet\" href=\"https:\/\/plenafinancialservices.com\/wp-content\/plugins\/elementor-pro\/assets\/css\/widget-posts.min.css\">\t\t<div class=\"elementor-posts-container elementor-posts elementor-posts--skin-cards elementor-grid\">\n\t\t\t\t<article class=\"elementor-post elementor-grid-item post-588 post type-post status-publish format-standard has-post-thumbnail hentry category-uncategorized\">\n\t\t\t<div class=\"elementor-post__card\">\n\t\t\t\t<a class=\"elementor-post__thumbnail__link\" href=\"https:\/\/plenafinancialservices.com\/index.php\/2024\/01\/22\/os-beneficios-de-entregar-sua-declaracao-de-imposto-de-renda-de-antecipadamente-por-que-voce-nao-deve-esperar\/\" ><div class=\"elementor-post__thumbnail\"><img fetchpriority=\"high\" decoding=\"async\" width=\"300\" height=\"213\" src=\"https:\/\/plenafinancialservices.com\/wp-content\/uploads\/2024\/01\/Os-Benefi\u0301cios-de-Entregar-Sua-Declarac\u0327a\u0303o-de-Imposto-de-Renda-de-Antecipadamente-Por-Que-Voce\u0302-Na\u0303o-Deve-Esperar--300x213.jpeg\" class=\"attachment-medium size-medium wp-image-1307\" alt=\"Os Benef\u00edcios de Entregar Sua Declara\u00e7\u00e3o de Imposto de Renda de Antecipadamente: Por Que Voc\u00ea N\u00e3o Deve Esperar!\u00a0\" srcset=\"https:\/\/plenafinancialservices.com\/wp-content\/uploads\/2024\/01\/Os-Benefi\u0301cios-de-Entregar-Sua-Declarac\u0327a\u0303o-de-Imposto-de-Renda-de-Antecipadamente-Por-Que-Voce\u0302-Na\u0303o-Deve-Esperar--300x213.jpeg 300w, https:\/\/plenafinancialservices.com\/wp-content\/uploads\/2024\/01\/Os-Benefi\u0301cios-de-Entregar-Sua-Declarac\u0327a\u0303o-de-Imposto-de-Renda-de-Antecipadamente-Por-Que-Voce\u0302-Na\u0303o-Deve-Esperar-.jpeg 446w\" sizes=\"(max-width: 300px) 100vw, 300px\" \/><\/div><\/a>\n\t\t\t\t<div class=\"elementor-post__text\">\n\t\t\t\t<h3 class=\"elementor-post__title\">\n\t\t\t<a href=\"https:\/\/plenafinancialservices.com\/index.php\/2024\/01\/22\/os-beneficios-de-entregar-sua-declaracao-de-imposto-de-renda-de-antecipadamente-por-que-voce-nao-deve-esperar\/\" >\n\t\t\t\tOs Benef\u00edcios de Entregar Sua Declara\u00e7\u00e3o de Imposto de Renda de Antecipadamente: Por Que Voc\u00ea N\u00e3o Deve Esperar!\u00a0\t\t\t<\/a>\n\t\t<\/h3>\n\t\t\t\t<div class=\"elementor-post__excerpt\">\n\t\t\t<p>Muitas pessoas procrastinam quando se trata de apresentar sua declara\u00e7\u00e3o de imposto de renda. No entanto, h\u00e1 um motivo convincente para n\u00e3o adiar: apresentar sua<\/p>\n\t\t<\/div>\n\t\t\t\t<\/div>\n\t\t\t\t<div class=\"elementor-post__meta-data\">\n\t\t\t\t\t<span class=\"elementor-post-date\">\n\t\t\tJanuary 22, 2024\t\t<\/span>\n\t\t\t\t<span class=\"elementor-post-avatar\">\n\t\t\tNo Comments\t\t<\/span>\n\t\t\t\t<\/div>\n\t\t\t\t\t<\/div>\n\t\t<\/article>\n\t\t\t\t<article class=\"elementor-post elementor-grid-item post-589 post type-post status-publish format-standard has-post-thumbnail hentry category-uncategorized\">\n\t\t\t<div class=\"elementor-post__card\">\n\t\t\t\t<a class=\"elementor-post__thumbnail__link\" href=\"https:\/\/plenafinancialservices.com\/index.php\/2024\/01\/22\/tax-pitfalls-to-avoid-for-a-hassle-free-filing-season\/\" ><div class=\"elementor-post__thumbnail\"><img decoding=\"async\" width=\"300\" height=\"169\" src=\"https:\/\/plenafinancialservices.com\/wp-content\/uploads\/2024\/01\/8-Pitfalls-to-Avoid-for-a-Smooth-Tax-Filing-300x169.jpg\" class=\"attachment-medium size-medium wp-image-1311\" alt=\"\" srcset=\"https:\/\/plenafinancialservices.com\/wp-content\/uploads\/2024\/01\/8-Pitfalls-to-Avoid-for-a-Smooth-Tax-Filing-300x169.jpg 300w, https:\/\/plenafinancialservices.com\/wp-content\/uploads\/2024\/01\/8-Pitfalls-to-Avoid-for-a-Smooth-Tax-Filing-1024x577.jpg 1024w, https:\/\/plenafinancialservices.com\/wp-content\/uploads\/2024\/01\/8-Pitfalls-to-Avoid-for-a-Smooth-Tax-Filing-768x433.jpg 768w, https:\/\/plenafinancialservices.com\/wp-content\/uploads\/2024\/01\/8-Pitfalls-to-Avoid-for-a-Smooth-Tax-Filing-1536x865.jpg 1536w, https:\/\/plenafinancialservices.com\/wp-content\/uploads\/2024\/01\/8-Pitfalls-to-Avoid-for-a-Smooth-Tax-Filing.jpg 1640w\" sizes=\"(max-width: 300px) 100vw, 300px\" \/><\/div><\/a>\n\t\t\t\t<div class=\"elementor-post__text\">\n\t\t\t\t<h3 class=\"elementor-post__title\">\n\t\t\t<a href=\"https:\/\/plenafinancialservices.com\/index.php\/2024\/01\/22\/tax-pitfalls-to-avoid-for-a-hassle-free-filing-season\/\" >\n\t\t\t\tTax Pitfalls to Avoid for a Hassle-Free Filing Season\u00a0\t\t\t<\/a>\n\t\t<\/h3>\n\t\t\t\t<div class=\"elementor-post__excerpt\">\n\t\t\t<p>Navigating tax season can be daunting, but with strategic planning and awareness, you can sidestep common pitfalls that may lead to unnecessary stress and financial<\/p>\n\t\t<\/div>\n\t\t\t\t<\/div>\n\t\t\t\t<div class=\"elementor-post__meta-data\">\n\t\t\t\t\t<span class=\"elementor-post-date\">\n\t\t\tJanuary 22, 2024\t\t<\/span>\n\t\t\t\t<span class=\"elementor-post-avatar\">\n\t\t\tNo Comments\t\t<\/span>\n\t\t\t\t<\/div>\n\t\t\t\t\t<\/div>\n\t\t<\/article>\n\t\t\t\t<article class=\"elementor-post elementor-grid-item post-579 post type-post status-publish format-standard has-post-thumbnail hentry category-uncategorized\">\n\t\t\t<div class=\"elementor-post__card\">\n\t\t\t\t<a class=\"elementor-post__thumbnail__link\" href=\"https:\/\/plenafinancialservices.com\/index.php\/2024\/01\/22\/tax-credits-vx-tax-deductions-whats-the-difference\/\" ><div class=\"elementor-post__thumbnail\"><img decoding=\"async\" width=\"300\" height=\"251\" src=\"https:\/\/plenafinancialservices.com\/wp-content\/uploads\/2024\/01\/Discover-the-key-differences-between-tax-credits-and-tax-deductions-and-save-money-on-your-taxes.-taxseason-taxtips-300x251.png\" class=\"attachment-medium size-medium wp-image-1314\" alt=\"Tax Credits vs Tax Deductions: What\u2019s the Difference?\" srcset=\"https:\/\/plenafinancialservices.com\/wp-content\/uploads\/2024\/01\/Discover-the-key-differences-between-tax-credits-and-tax-deductions-and-save-money-on-your-taxes.-taxseason-taxtips-300x251.png 300w, https:\/\/plenafinancialservices.com\/wp-content\/uploads\/2024\/01\/Discover-the-key-differences-between-tax-credits-and-tax-deductions-and-save-money-on-your-taxes.-taxseason-taxtips-768x644.png 768w, https:\/\/plenafinancialservices.com\/wp-content\/uploads\/2024\/01\/Discover-the-key-differences-between-tax-credits-and-tax-deductions-and-save-money-on-your-taxes.-taxseason-taxtips.png 940w\" sizes=\"(max-width: 300px) 100vw, 300px\" \/><\/div><\/a>\n\t\t\t\t<div class=\"elementor-post__text\">\n\t\t\t\t<h3 class=\"elementor-post__title\">\n\t\t\t<a href=\"https:\/\/plenafinancialservices.com\/index.php\/2024\/01\/22\/tax-credits-vx-tax-deductions-whats-the-difference\/\" >\n\t\t\t\tTax Credits vx Tax Deductions: What&#8217;s the Difference?\t\t\t<\/a>\n\t\t<\/h3>\n\t\t\t\t<div class=\"elementor-post__excerpt\">\n\t\t\t<p>Navigating the world of taxes can be complex, especially when confronted with terms like &#8220;deductions&#8221; and &#8220;credits.&#8221; While they may seem similar, understanding the distinction<\/p>\n\t\t<\/div>\n\t\t\t\t<\/div>\n\t\t\t\t<div class=\"elementor-post__meta-data\">\n\t\t\t\t\t<span class=\"elementor-post-date\">\n\t\t\tJanuary 22, 2024\t\t<\/span>\n\t\t\t\t<span class=\"elementor-post-avatar\">\n\t\t\tNo Comments\t\t<\/span>\n\t\t\t\t<\/div>\n\t\t\t\t\t<\/div>\n\t\t<\/article>\n\t\t\t\t<\/div>\n\t\t\n\t\t\t\t<\/div>\n\t\t\t\t<\/div>\n\t\t\t\t\t<\/div>\n\t\t\t\t<\/div>\n\t\t\t\t<\/div>\n\t\t","protected":false},"excerpt":{"rendered":"","protected":false},"author":1,"featured_media":0,"parent":0,"menu_order":0,"comment_status":"closed","ping_status":"closed","template":"elementor_canvas","meta":{"footnotes":""},"class_list":["post-577","page","type-page","status-publish","hentry"],"_links":{"self":[{"href":"https:\/\/plenafinancialservices.com\/index.php\/wp-json\/wp\/v2\/pages\/577","targetHints":{"allow":["GET"]}}],"collection":[{"href":"https:\/\/plenafinancialservices.com\/index.php\/wp-json\/wp\/v2\/pages"}],"about":[{"href":"https:\/\/plenafinancialservices.com\/index.php\/wp-json\/wp\/v2\/types\/page"}],"author":[{"embeddable":true,"href":"https:\/\/plenafinancialservices.com\/index.php\/wp-json\/wp\/v2\/users\/1"}],"replies":[{"embeddable":true,"href":"https:\/\/plenafinancialservices.com\/index.php\/wp-json\/wp\/v2\/comments?post=577"}],"version-history":[{"count":25,"href":"https:\/\/plenafinancialservices.com\/index.php\/wp-json\/wp\/v2\/pages\/577\/revisions"}],"predecessor-version":[{"id":1125,"href":"https:\/\/plenafinancialservices.com\/index.php\/wp-json\/wp\/v2\/pages\/577\/revisions\/1125"}],"wp:attachment":[{"href":"https:\/\/plenafinancialservices.com\/index.php\/wp-json\/wp\/v2\/media?parent=577"}],"curies":[{"name":"wp","href":"https:\/\/api.w.org\/{rel}","templated":true}]}}